{"id":2281,"date":"2019-05-09T13:33:16","date_gmt":"2019-05-09T11:33:16","guid":{"rendered":"https:\/\/sintraportbcn.indianwebs.es\/?page_id=2281"},"modified":"2024-02-07T11:07:05","modified_gmt":"2024-02-07T10:07:05","slug":"qui-som","status":"publish","type":"page","link":"https:\/\/sintraportbcn.com\/ca\/qui-som\/","title":{"rendered":"Qui som"},"content":{"rendered":"<div>Des de la seva creaci\u00f3 el 30 de juny de 2010 s&#8217;ha anat consolidant com la primera organitzaci\u00f3 del sector al port de Barcelona i una de les m\u00e9s importants de l&#8217;estat espanyol, aglutinant m\u00e9s de 800 professionals que exerceixen la seva activitat a l&#8217;entorn del nostre port de Barcelona refer\u00e8ncia.<\/div>\n<div>\n<p>Des de <strong>Sintraport<\/strong> treballem de manera activa en la <strong>defensa dels interessos i els drets dels treballadors<\/strong> i membres del sector del transport de mercaderies per carretera de contenidors.<\/p>\n<p>Conscients de la realitat del nostre sector i dels importants reptes a qu\u00e8 aquest ha de fer front, <strong>Sintraport<\/strong> es troba treballant per augmentar la representativitat de la nostra organitzaci\u00f3 en els organismes on es decideix el futur del transport, per la qual cosa treballem intensament per <strong>reivindicar el nostre dret a una feina digna<\/strong> amb <strong>Ajuntament de Barcelona, Autoritat portu\u00e0ria i Generalitat<\/strong>.<\/p>\n<p>La voluntat de servei als nostres associats permet a aquests beneficiar-se no nom\u00e9s de l&#8217;estructura i la defensa dels interessos del sector, sin\u00f3 a m\u00e9s d&#8217;una s\u00e8rie de serveis propis addicionals que la nostra associaci\u00f3 posa a disposici\u00f3 per a tots els seus membres. I tot aix\u00f2 des de les <strong>instal\u00b7lacions ubicades al Port de Barcelona.<\/strong><\/p>\n<p>Hoy <strong>Sintraport<\/strong>, consciente del espacio que ocupa dentro de la cadena log\u00edstica, trabaja codo con codo, con el resto de componentes de esta cadena, con la certeza de saber que la visi\u00f3n del profesional del transporte, es necesaria para conseguir que las decisiones que se plantean, sean acertadas y aseguren la competitividad de nuestro puerto, como punto de <strong>referencia del transporte mar\u00edtimo en toda Europa<\/strong>.<\/p>\n<\/div>\n<p><!--more--><br \/>\n<!-- {\"type\":\"layout\",\"children\":[{\"type\":\"section\",\"props\":{\"divider_height\":\"120\",\"divider_position\":\"top\",\"divider_width\":\"100\",\"image\":\"wp-content\\\/uploads\\\/2023\\\/10\\\/apm-terminals-barcelona.jpg\",\"image_position\":\"center-center\",\"image_size\":\"cover\",\"padding\":\"large\",\"padding_custom_bottom\":\"40\",\"padding_custom_top\":\"40\",\"style\":\"secondary\",\"style_custom_color\":\"#ccc\",\"title_breakpoint\":\"xl\",\"title_position\":\"top-left\",\"title_rotation\":\"left\",\"vertical_align\":\"middle\",\"width\":\"large\"},\"children\":[{\"type\":\"row\",\"children\":[{\"type\":\"column\",\"props\":{\"image_position\":\"center-center\",\"position_sticky_breakpoint\":\"m\"},\"children\":[{\"type\":\"headline\",\"props\":{\"class\":\"xp_title_shadow\",\"text_align\":\"center\",\"title_element\":\"h1\"},\"source\":{\"query\":{\"name\":\"pages.singlePage\"},\"props\":{\"content\":{\"filters\":{\"search\":\"\"},\"name\":\"title\"}}}}]}]}],\"name\":\"cabecera\"},{\"type\":\"section\",\"props\":{\"divider_height\":\"120\",\"divider_position\":\"top\",\"divider_width\":\"100\",\"image_position\":\"center-center\",\"padding_custom_bottom\":\"40\",\"padding_custom_top\":\"40\",\"style\":\"primary\",\"style_custom_color\":\"#ccc\",\"title_breakpoint\":\"xl\",\"title_position\":\"top-left\",\"title_rotation\":\"left\",\"vertical_align\":\"middle\",\"width\":\"large\"},\"children\":[{\"type\":\"row\",\"children\":[{\"type\":\"column\",\"props\":{\"image_position\":\"center-center\",\"position_sticky_breakpoint\":\"m\"},\"children\":[{\"type\":\"headline\",\"props\":{\"content\":\"Des de la seva creaci\\u00f3 el 30 de juny de 2010 s'ha anat consolidant com la primera organitzaci\\u00f3 del sector al port de Barcelona i una de les m\\u00e9s importants de l'estat espanyol, aglutinant m\\u00e9s de 800 professionals que exerceixen la seva activitat a l'entorn del nostre port de Barcelona refer\\u00e8ncia.\",\"text_align\":\"center\",\"title_element\":\"div\",\"title_style\":\"h4\"}}]}]}]},{\"type\":\"section\",\"props\":{\"image_position\":\"center-center\",\"style\":\"muted\",\"title_breakpoint\":\"xl\",\"title_position\":\"top-left\",\"title_rotation\":\"left\",\"vertical_align\":\"middle\",\"width\":\"large\"},\"children\":[{\"type\":\"row\",\"children\":[{\"type\":\"column\",\"props\":{\"image_position\":\"center-center\",\"position_sticky_breakpoint\":\"m\"},\"children\":[{\"type\":\"text\",\"props\":{\"column_breakpoint\":\"m\",\"content\":\"\n\n<p>Des de <strong>Sintraport<\\\/strong> treballem de manera activa en la <strong>defensa dels interessos i els drets dels treballadors<\\\/strong> i membres del sector del transport de mercaderies per carretera de contenidors.<\\\/p>\\n\n\n<p>Conscients de la realitat del nostre sector i dels importants reptes a qu\\u00e8 aquest ha de fer front, <strong>Sintraport<\\\/strong> es troba treballant per augmentar la representativitat de la nostra organitzaci\\u00f3 en els organismes on es decideix el futur del transport, per la qual cosa treballem intensament per <strong>reivindicar el nostre dret a una feina digna<\\\/strong> amb <strong>Ajuntament de Barcelona, Autoritat portu\\u00e0ria i Generalitat<\\\/strong>.<\\\/p>\\n\n\n<p>La voluntat de servei als nostres associats permet a aquests beneficiar-se no nom\\u00e9s de l'estructura i la defensa dels interessos del sector, sin\\u00f3 a m\\u00e9s d'una s\\u00e8rie de serveis propis addicionals que la nostra associaci\\u00f3 posa a disposici\\u00f3 per a tots els seus membres. I tot aix\\u00f2 des de les <strong>instal\\u00b7lacions ubicades al Port de Barcelona.<\\\/strong><\\\/p>\\n\n\n<p>Hoy <strong>Sintraport<\\\/strong>, consciente del espacio que ocupa dentro de la cadena log\\u00edstica, trabaja codo con codo, con el resto de componentes de esta cadena, con la certeza de saber que la visi\\u00f3n del profesional del transporte, es necesaria para conseguir que las decisiones que se plantean, sean acertadas y aseguren la competitividad de nuestro puerto, como punto de <strong>referencia del transporte mar\\u00edtimo en toda Europa<\\\/strong>.<\\\/p>\",\"margin\":\"default\"}}]}]}]}],\"version\":\"4.2.13\"} --><\/p>\n","protected":false},"excerpt":{"rendered":"<p>Des de la seva creaci\u00f3 el 30 de juny de 2010 s&#8217;ha anat consolidant com la primera organitzaci\u00f3 del sector al port de Barcelona i una de les m\u00e9s importants de l&#8217;estat espanyol, aglutinant m\u00e9s de 800 professionals que exerceixen la seva activitat a l&#8217;entorn del nostre port de Barcelona refer\u00e8ncia. Des de Sintraport treballem [&hellip;]<\/p>\n","protected":false},"author":1,"featured_media":0,"parent":0,"menu_order":2,"comment_status":"closed","ping_status":"closed","template":"","meta":{"_acf_changed":false,"footnotes":""},"class_list":["post-2281","page","type-page","status-publish","hentry"],"acf":[],"_links":{"self":[{"href":"https:\/\/sintraportbcn.com\/ca\/wp-json\/wp\/v2\/pages\/2281","targetHints":{"allow":["GET"]}}],"collection":[{"href":"https:\/\/sintraportbcn.com\/ca\/wp-json\/wp\/v2\/pages"}],"about":[{"href":"https:\/\/sintraportbcn.com\/ca\/wp-json\/wp\/v2\/types\/page"}],"author":[{"embeddable":true,"href":"https:\/\/sintraportbcn.com\/ca\/wp-json\/wp\/v2\/users\/1"}],"replies":[{"embeddable":true,"href":"https:\/\/sintraportbcn.com\/ca\/wp-json\/wp\/v2\/comments?post=2281"}],"version-history":[{"count":2,"href":"https:\/\/sintraportbcn.com\/ca\/wp-json\/wp\/v2\/pages\/2281\/revisions"}],"predecessor-version":[{"id":2292,"href":"https:\/\/sintraportbcn.com\/ca\/wp-json\/wp\/v2\/pages\/2281\/revisions\/2292"}],"wp:attachment":[{"href":"https:\/\/sintraportbcn.com\/ca\/wp-json\/wp\/v2\/media?parent=2281"}],"curies":[{"name":"wp","href":"https:\/\/api.w.org\/{rel}","templated":true}]}}